{"id":1544,"date":"2022-03-07T17:43:29","date_gmt":"2022-03-07T22:43:29","guid":{"rendered":"https:\/\/www.acesperu.xyz\/costillitas\/?post_type=product&#038;p=1544"},"modified":"2024-12-07T13:59:18","modified_gmt":"2024-12-07T18:59:18","slug":"sangria-hawaiana","status":"publish","type":"product","link":"https:\/\/www.miscostillitas.com\/inicio\/producto\/sangria-hawaiana\/","title":{"rendered":"SANGR\u00cdA HAWAIANA"},"content":{"rendered":"<p>Vino Blanco, Pisco, Jugo de pi\u00f1a, Pi\u00f1a, Triple Sec, Durazno y Manzana<\/p>\n","protected":false},"excerpt":{"rendered":"<p>Vino Blanco, Pisco, Jugo de pi\u00f1a, Pi\u00f1a, Triple Sec, Durazno y Manzana<\/p>\n","protected":false},"featured_media":1962,"comment_status":"closed","ping_status":"closed","template":"","meta":[],"product_brand":[],"product_cat":[61],"product_tag":[],"class_list":{"0":"post-1544","1":"product","2":"type-product","3":"status-publish","4":"has-post-thumbnail","6":"product_cat-sangrias","8":"first","9":"instock","10":"shipping-taxable","11":"purchasable","12":"product-type-simple"},"_links":{"self":[{"href":"https:\/\/www.miscostillitas.com\/inicio\/wp-json\/wp\/v2\/product\/1544","targetHints":{"allow":["GET"]}}],"collection":[{"href":"https:\/\/www.miscostillitas.com\/inicio\/wp-json\/wp\/v2\/product"}],"about":[{"href":"https:\/\/www.miscostillitas.com\/inicio\/wp-json\/wp\/v2\/types\/product"}],"replies":[{"embeddable":true,"href":"https:\/\/www.miscostillitas.com\/inicio\/wp-json\/wp\/v2\/comments?post=1544"}],"version-history":[{"count":2,"href":"https:\/\/www.miscostillitas.com\/inicio\/wp-json\/wp\/v2\/product\/1544\/revisions"}],"predecessor-version":[{"id":1959,"href":"https:\/\/www.miscostillitas.com\/inicio\/wp-json\/wp\/v2\/product\/1544\/revisions\/1959"}],"wp:featuredmedia":[{"embeddable":true,"href":"https:\/\/www.miscostillitas.com\/inicio\/wp-json\/wp\/v2\/media\/1962"}],"wp:attachment":[{"href":"https:\/\/www.miscostillitas.com\/inicio\/wp-json\/wp\/v2\/media?parent=1544"}],"wp:term":[{"taxonomy":"product_brand","embeddable":true,"href":"https:\/\/www.miscostillitas.com\/inicio\/wp-json\/wp\/v2\/product_brand?post=1544"},{"taxonomy":"product_cat","embeddable":true,"href":"https:\/\/www.miscostillitas.com\/inicio\/wp-json\/wp\/v2\/product_cat?post=1544"},{"taxonomy":"product_tag","embeddable":true,"href":"https:\/\/www.miscostillitas.com\/inicio\/wp-json\/wp\/v2\/product_tag?post=1544"}],"curies":[{"name":"wp","href":"https:\/\/api.w.org\/{rel}","templated":true}]}}