{"id":9704,"date":"2025-08-09T08:09:25","date_gmt":"2025-08-09T13:09:25","guid":{"rendered":"https:\/\/www.miscostillitas.com\/inicio\/?post_type=product&#038;p=9704"},"modified":"2026-02-16T10:44:25","modified_gmt":"2026-02-16T15:44:25","slug":"parrilla-mc-1-salsa-bbq","status":"publish","type":"product","link":"https:\/\/www.miscostillitas.com\/inicio\/producto\/parrilla-mc-1-salsa-bbq\/","title":{"rendered":"PARRILLA MC 1 + SALSA BBQ"},"content":{"rendered":"<p>Parrilla Mis Costillitas 1: Costilla BBQ, Filete Parrillero de Pollo, 2 Chuletas, 2 Chorizos, Papas Fritas y ensalada de col<\/p>\n<p>+\u00a0 Botella Salsa BBQ<\/p>\n<ul>\n<li>\n<h6><strong>Promoci\u00f3n v\u00e1lida todos los d\u00edas de agosto<\/strong><\/h6>\n<\/li>\n<li>\n<h6><strong>V\u00e1lido solo para delivery, recojo en tienda y para llevar.<\/strong><\/h6>\n<\/li>\n<li>\n<h6><strong>Promoci\u00f3n v\u00e1lida solo en los locales de Lima de Mis Costillitas: Aviaci\u00f3n, Miraflores, Mall Plaza Bellavista, Cenco Lima Sur , Pueblo Libre y Punta Hermosa, Mall Aventura Santa Anita, Jockey Plaza, y Caminos del Inca<\/strong><\/h6>\n<\/li>\n<li>\n<h6><strong>Promoci\u00f3n no v\u00e1lida en los locales de Arequipa<\/strong><\/h6>\n<\/li>\n<li>\n<h6><strong>Promoci\u00f3n v\u00e1lida hasta agotar stock<\/strong><\/h6>\n<\/li>\n<li>\n<h6><strong>Im\u00e1genes referencial<\/strong><\/h6>\n<\/li>\n<\/ul>\n","protected":false},"excerpt":{"rendered":"<p>Parrilla Mis Costillitas 1: Costilla BBQ, Filete Parrillero de Pollo, 2 Chuletas, 2 Chorizos, Papas Fritas y ensalada de col + Botella Salsa BBQ<\/p>\n<ul>\n<li><strong>Promoci\u00f3n v\u00e1lida todos los d\u00edas de agosto<\/strong><\/li>\n<li><strong>V\u00e1lido solo para delivery, recojo en tienda y para llevar.<\/strong><\/li>\n<li><strong>Promoci\u00f3n v\u00e1lida solo en los locales de Lima de Mis Costillitas: Aviaci\u00f3n, Miraflores, Mall Plaza Bellavista, Cenco Lima Sur , Pueblo Libre y Punta Hermosa, Mall Aventura Santa Anita, Jockey Plaza, y Caminos del Inca<\/strong><\/li>\n<li><strong>Promoci\u00f3n no v\u00e1lida en los locales de Arequipa<\/strong><\/li>\n<li><strong>Promoci\u00f3n v\u00e1lida hasta agotar stock<\/strong><\/li>\n<li><strong> No es valido feriados ni fechas especiales<\/strong><\/li>\n<li><strong>Im\u00e1genes referencial<\/strong><\/li>\n<\/ul>\n","protected":false},"featured_media":9705,"comment_status":"closed","ping_status":"closed","template":"","meta":[],"product_brand":[],"product_cat":[66],"product_tag":[68,65],"class_list":{"0":"post-9704","1":"product","2":"type-product","3":"status-publish","4":"has-post-thumbnail","6":"product_cat-promociones-local","7":"product_tag-local","8":"product_tag-promociones","10":"first","11":"instock","12":"shipping-taxable","13":"purchasable","14":"product-type-simple"},"_links":{"self":[{"href":"https:\/\/www.miscostillitas.com\/inicio\/wp-json\/wp\/v2\/product\/9704","targetHints":{"allow":["GET"]}}],"collection":[{"href":"https:\/\/www.miscostillitas.com\/inicio\/wp-json\/wp\/v2\/product"}],"about":[{"href":"https:\/\/www.miscostillitas.com\/inicio\/wp-json\/wp\/v2\/types\/product"}],"replies":[{"embeddable":true,"href":"https:\/\/www.miscostillitas.com\/inicio\/wp-json\/wp\/v2\/comments?post=9704"}],"version-history":[{"count":5,"href":"https:\/\/www.miscostillitas.com\/inicio\/wp-json\/wp\/v2\/product\/9704\/revisions"}],"predecessor-version":[{"id":12890,"href":"https:\/\/www.miscostillitas.com\/inicio\/wp-json\/wp\/v2\/product\/9704\/revisions\/12890"}],"wp:featuredmedia":[{"embeddable":true,"href":"https:\/\/www.miscostillitas.com\/inicio\/wp-json\/wp\/v2\/media\/9705"}],"wp:attachment":[{"href":"https:\/\/www.miscostillitas.com\/inicio\/wp-json\/wp\/v2\/media?parent=9704"}],"wp:term":[{"taxonomy":"product_brand","embeddable":true,"href":"https:\/\/www.miscostillitas.com\/inicio\/wp-json\/wp\/v2\/product_brand?post=9704"},{"taxonomy":"product_cat","embeddable":true,"href":"https:\/\/www.miscostillitas.com\/inicio\/wp-json\/wp\/v2\/product_cat?post=9704"},{"taxonomy":"product_tag","embeddable":true,"href":"https:\/\/www.miscostillitas.com\/inicio\/wp-json\/wp\/v2\/product_tag?post=9704"}],"curies":[{"name":"wp","href":"https:\/\/api.w.org\/{rel}","templated":true}]}}